{"id":28757,"date":"2025-07-17T14:36:17","date_gmt":"2025-07-17T12:36:17","guid":{"rendered":"https:\/\/arabmaarab.com\/datenschutzerklaerung\/"},"modified":"2025-07-17T14:36:17","modified_gmt":"2025-07-17T12:36:17","slug":"datenschutzerklaerung","status":"publish","type":"page","link":"https:\/\/arabmaarab.com\/de\/datenschutzerklaerung\/","title":{"rendered":"Datenschutzerkl\u00e4rung"},"content":{"rendered":"<h2 data-start=\"78\" data-end=\"99\"><strong data-start=\"81\" data-end=\"99\">Datenschutzerkl\u00e4rung<\/strong><\/h2>\n<p data-start=\"101\" data-end=\"133\"><strong data-start=\"101\" data-end=\"133\">Zuletzt aktualisiert: 3. August 2025<\/strong><\/p>\n<p data-start=\"135\" data-end=\"379\">Die Arab ma Arab UG (haftungsbeschr\u00e4nkt) (\u201ewir\u201c, \u201euns\u201c oder \u201eunser\u201c) betreibt die Website<a class=\"\" href=\"https:\/\/arabmaarab.com\/de\/\" target=\"_new\" rel=\"noopener\" data-start=\"216\" data-end=\"238\"> https:\/\/arabmaarab.com.<\/a> Diese Datenschutzerkl\u00e4rung erl\u00e4utert, wie wir Ihre personenbezogenen Daten erheben, verwenden und sch\u00fctzen, wenn Sie unsere Website besuchen oder mit uns Kontakt aufnehmen. <\/p>\n<hr data-start=\"381\" data-end=\"384\">\n<h3 data-start=\"386\" data-end=\"412\"><strong data-start=\"393\" data-end=\"412\">1. Verantwortlicher<\/strong><\/h3>\n<p data-start=\"413\" data-end=\"566\"><strong data-start=\"413\" data-end=\"453\">Arab ma Arab UG (haftungsbeschr\u00e4nkt)<\/strong><br data-start=\"453\" data-end=\"456\">Oranienburger Stra\u00dfe 6, 13437 Berlin, Deutschland<br data-start=\"501\" data-end=\"504\"><a class=\"cursor-pointer\" rel=\"noopener\" data-start=\"511\" data-end=\"566\">E-Mail: support@arabmaarab.com<\/a><\/p>\n<hr data-start=\"568\" data-end=\"571\">\n<h3 data-start=\"573\" data-end=\"604\"><strong data-start=\"580\" data-end=\"604\">2. Welche Daten wir erheben<\/strong><\/h3>\n<p data-start=\"605\" data-end=\"685\">Wenn Sie \u00fcber unsere Website (z.\u202fB. \u00fcber das Kontakt- oder Supportformular) mit uns in Verbindung treten, k\u00f6nnen folgende Daten erhoben werden:<\/p>\n<ul data-start=\"686\" data-end=\"776\">\n<li data-start=\"686\" data-end=\"723\">\n<p data-start=\"688\" data-end=\"723\">Vor- und Nachname (optional)<\/p>\n<\/li>\n<li data-start=\"724\" data-end=\"739\">\n<p data-start=\"726\" data-end=\"739\">E-Mail-Adresse<\/p>\n<\/li>\n<li data-start=\"740\" data-end=\"776\">\n<p data-start=\"742\" data-end=\"776\">Nachrichteninhalte, die Sie uns senden<\/p>\n<\/li>\n<\/ul>\n<p data-start=\"778\" data-end=\"884\">Wir verwenden <strong data-start=\"784\" data-end=\"791\">keine <\/strong>Tracking-Cookies oder Analysetools, sofern nicht ausdr\u00fccklich angegeben.<\/p>\n<hr data-start=\"886\" data-end=\"889\">\n<h3 data-start=\"891\" data-end=\"928\"><strong data-start=\"898\" data-end=\"928\">3. Zweck der Datenverarbeitung<\/strong><\/h3>\n<p data-start=\"929\" data-end=\"965\">Ihre Daten werden ausschlie\u00dflich zu folgenden Zwecken verwendet:<\/p>\n<ul data-start=\"966\" data-end=\"1092\">\n<li data-start=\"966\" data-end=\"1005\">\n<p data-start=\"968\" data-end=\"1005\">Beantwortung Ihrer Anfragen oder Nachrichten<\/p>\n<\/li>\n<li data-start=\"1006\" data-end=\"1051\">\n<p data-start=\"1008\" data-end=\"1051\">Bereitstellung von Informationen oder Support auf Anfrage<\/p>\n<\/li>\n<li data-start=\"1052\" data-end=\"1092\">\n<p data-start=\"1054\" data-end=\"1092\">Verbesserung unserer Kommunikation und Dienstleistungen<\/p>\n<\/li>\n<\/ul>\n<p data-start=\"1094\" data-end=\"1195\">Wir nutzen Ihre Daten <strong data-start=\"1100\" data-end=\"1107\">nicht <\/strong>f\u00fcr Werbung, Newsletter oder Profiling ohne Ihre ausdr\u00fcckliche Einwilligung.<\/p>\n<hr data-start=\"1197\" data-end=\"1200\">\n<h3 data-start=\"1202\" data-end=\"1224\">4. <strong data-start=\"1209\" data-end=\"1224\">Rechtsgrundlage<\/strong><\/h3>\n<p data-start=\"1225\" data-end=\"1261\">Die Verarbeitung Ihrer Daten erfolgt auf Basis von:<\/p>\n<ul data-start=\"1262\" data-end=\"1392\">\n<li data-start=\"1262\" data-end=\"1311\">\n<p data-start=\"1264\" data-end=\"1311\"><strong data-start=\"1264\" data-end=\"1286\">Art. 6 Abs. 1 lit. a DSGVO<\/strong> \u2013 Einwilligung, sofern erteilt<\/p>\n<\/li>\n<li data-start=\"1312\" data-end=\"1392\">\n<p data-start=\"1314\" data-end=\"1392\"><strong data-start=\"1314\" data-end=\"1336\">Art. 6 Abs. 1 lit. f DSGVO<\/strong> \u2013 berechtigtes Interesse an der Kommunikation<\/p>\n<\/li>\n<\/ul>\n<hr data-start=\"1394\" data-end=\"1397\">\n<h3 data-start=\"1399\" data-end=\"1435\"><strong data-start=\"1406\" data-end=\"1435\">5. Datenspeicherung und Sicherheit<\/strong><\/h3>\n<p data-start=\"1436\" data-end=\"1694\">Ihre Daten werden sicher auf Servern innerhalb der EU gespeichert, gehostet durch <strong data-start=\"1509\" data-end=\"1538\">Amazon Web Services (AWS),<\/strong> einen DSGVO-konformen Anbieter. Wir setzen geeignete technische und organisatorische Ma\u00dfnahmen ein, um Ihre Daten vor unbefugtem Zugriff zu sch\u00fctzen. <\/p>\n<hr data-start=\"1696\" data-end=\"1699\">\n<h3 data-start=\"1701\" data-end=\"1724\"><strong data-start=\"1708\" data-end=\"1724\">6. Weitergabe von Daten<\/strong><\/h3>\n<p data-start=\"1725\" data-end=\"1782\">Wir geben Ihre personenbezogenen Daten <strong data-start=\"1731\" data-end=\"1738\">nicht <\/strong>an Dritte weiter, au\u00dfer:<\/p>\n<ul data-start=\"1783\" data-end=\"1963\">\n<li data-start=\"1783\" data-end=\"1851\">\n<p data-start=\"1785\" data-end=\"1851\">an E-Mail-Dienstleister zur Kommunikation (z.\u202fB. Gmail, ProtonMail)<\/p>\n<\/li>\n<li data-start=\"1852\" data-end=\"1900\">\n<p data-start=\"1854\" data-end=\"1900\">an Hosting- und Infrastruktur-Anbieter (z.\u202fB. AWS)<\/p>\n<\/li>\n<li data-start=\"1901\" data-end=\"1963\">\n<p data-start=\"1903\" data-end=\"1963\">wenn gesetzlich vorgeschrieben (z.\u202fB. zur Einhaltung europ\u00e4ischer oder deutscher Gesetze)<\/p>\n<\/li>\n<\/ul>\n<hr data-start=\"1965\" data-end=\"1968\">\n<h3 data-start=\"1970\" data-end=\"1997\">7. <strong data-start=\"1977\" data-end=\"1997\">Speicherdauer<\/strong><\/h3>\n<p data-start=\"1998\" data-end=\"2052\">Wir speichern Ihre personenbezogenen Daten nur so lange wie n\u00f6tig:<\/p>\n<ul data-start=\"2053\" data-end=\"2158\">\n<li data-start=\"2053\" data-end=\"2108\">\n<p data-start=\"2055\" data-end=\"2108\">in der Regel bis zu 6 Monate nach dem letzten Kontakt<\/p>\n<\/li>\n<li data-start=\"2109\" data-end=\"2158\">\n<p data-start=\"2111\" data-end=\"2158\">l\u00e4nger, wenn gesetzlich vorgeschrieben (z.\u202fB. gem\u00e4\u00df Steuerrecht)<\/p>\n<\/li>\n<\/ul>\n<hr data-start=\"2160\" data-end=\"2163\">\n<h3 data-start=\"2165\" data-end=\"2200\"><strong data-start=\"2172\" data-end=\"2200\">8. Ihre Rechte (gem\u00e4\u00df DSGVO)<\/strong><\/h3>\n<p data-start=\"2201\" data-end=\"2223\">Sie haben das Recht auf:<\/p>\n<ul data-start=\"2224\" data-end=\"2381\">\n<li data-start=\"2224\" data-end=\"2251\">\n<p data-start=\"2226\" data-end=\"2251\">Auskunft \u00fcber Ihre gespeicherten Daten<\/p>\n<\/li>\n<li data-start=\"2252\" data-end=\"2284\">\n<p data-start=\"2254\" data-end=\"2284\">Berichtigung oder L\u00f6schung Ihrer Daten<\/p>\n<\/li>\n<li data-start=\"2285\" data-end=\"2315\">\n<p data-start=\"2287\" data-end=\"2315\">Widerruf Ihrer Einwilligung jederzeit<\/p>\n<\/li>\n<li data-start=\"2316\" data-end=\"2381\">\n<p data-start=\"2318\" data-end=\"2381\">Beschwerde bei<strong data-start=\"2345\" data-end=\"2381\"> der Datenschutzbeh\u00f6rde Berlin<\/strong><\/p>\n<\/li>\n<\/ul>\n<p data-start=\"2383\" data-end=\"2478\">Bitte kontaktieren Sie uns zur Aus\u00fcbung Ihrer Rechte unter: <a class=\"cursor-pointer\" rel=\"noopener\" data-start=\"2422\" data-end=\"2477\">support@arabmaarab.com<\/a><\/p>\n<hr data-start=\"2480\" data-end=\"2483\">\n<h3 data-start=\"2485\" data-end=\"2510\"><strong data-start=\"2492\" data-end=\"2510\">9. Externe Links<\/strong><\/h3>\n<p data-start=\"2511\" data-end=\"2628\">Unsere Website kann Links zu externen Websites enthalten. F\u00fcr deren Inhalte und Datenschutzpraktiken \u00fcbernehmen wir keine Verantwortung. <\/p>\n<hr data-start=\"2630\" data-end=\"2633\">\n<h3 data-start=\"2635\" data-end=\"2654\"><strong data-start=\"2643\" data-end=\"2654\">10. Aktualisierungen<\/strong><\/h3>\n<p data-start=\"2655\" data-end=\"2765\">Wir behalten uns das Recht vor, diese Datenschutzerkl\u00e4rung gelegentlich zu aktualisieren. Die jeweils aktuelle Version ist jederzeit auf dieser Seite einsehbar. <\/p>\n","protected":false},"excerpt":{"rendered":"<p>Datenschutzerkl\u00e4rung Zuletzt aktualisiert: 3. August 2025 Die Arab ma Arab UG (haftungsbeschr\u00e4nkt) (\u201ewir\u201c, \u201euns\u201c oder \u201eunser\u201c) betreibt die Website https:\/\/arabmaarab.com. Diese Datenschutzerkl\u00e4rung erl\u00e4utert, wie wir Ihre personenbezogenen Daten erheben, verwenden und sch\u00fctzen, wenn Sie unsere Website besuchen oder mit uns Kontakt aufnehmen. 1. Verantwortlicher Arab ma Arab UG (haftungsbeschr\u00e4nkt)Oranienburger Stra\u00dfe 6, 13437 Berlin, DeutschlandE-Mail: support@arabmaarab.com [&hellip;]<\/p>\n","protected":false},"author":1,"featured_media":0,"parent":0,"menu_order":0,"comment_status":"closed","ping_status":"closed","template":"","meta":{"footnotes":""},"class_list":["post-28757","page","type-page","status-publish","hentry"],"yoast_head":"<!-- This site is optimized with the Yoast SEO plugin v27.4 - https:\/\/yoast.com\/product\/yoast-seo-wordpress\/ -->\n<title>Datenschutzerkl\u00e4rung - Arab ma Arab<\/title>\n<meta name=\"robots\" content=\"index, follow, max-snippet:-1, max-image-preview:large, max-video-preview:-1\" \/>\n<link rel=\"canonical\" href=\"https:\/\/arabmaarab.com\/de\/datenschutzerklaerung\/\" \/>\n<meta property=\"og:locale\" content=\"de_DE\" \/>\n<meta property=\"og:type\" content=\"article\" \/>\n<meta property=\"og:title\" content=\"Datenschutzerkl\u00e4rung - Arab ma Arab\" \/>\n<meta property=\"og:description\" content=\"Datenschutzerkl\u00e4rung Zuletzt aktualisiert: 3. August 2025 Die Arab ma Arab UG (haftungsbeschr\u00e4nkt) (\u201ewir\u201c, \u201euns\u201c oder \u201eunser\u201c) betreibt die Website https:\/\/arabmaarab.com. Diese Datenschutzerkl\u00e4rung erl\u00e4utert, wie wir Ihre personenbezogenen Daten erheben, verwenden und sch\u00fctzen, wenn Sie unsere Website besuchen oder mit uns Kontakt aufnehmen. 1. Verantwortlicher Arab ma Arab UG (haftungsbeschr\u00e4nkt)Oranienburger Stra\u00dfe 6, 13437 Berlin, DeutschlandE-Mail: support@arabmaarab.com [&hellip;]\" \/>\n<meta property=\"og:url\" content=\"https:\/\/arabmaarab.com\/de\/datenschutzerklaerung\/\" \/>\n<meta property=\"og:site_name\" content=\"Arab ma Arab\" \/>\n<meta name=\"twitter:card\" content=\"summary_large_image\" \/>\n<meta name=\"twitter:label1\" content=\"Gesch\u00e4tzte Lesezeit\" \/>\n\t<meta name=\"twitter:data1\" content=\"2\u00a0Minuten\" \/>\n<script type=\"application\/ld+json\" class=\"yoast-schema-graph\">{\"@context\":\"https:\\\/\\\/schema.org\",\"@graph\":[{\"@type\":\"WebPage\",\"@id\":\"https:\\\/\\\/arabmaarab.com\\\/de\\\/datenschutzerklaerung\\\/\",\"url\":\"https:\\\/\\\/arabmaarab.com\\\/de\\\/datenschutzerklaerung\\\/\",\"name\":\"Datenschutzerkl\u00e4rung - Arab ma Arab\",\"isPartOf\":{\"@id\":\"https:\\\/\\\/arabmaarab.com\\\/#website\"},\"datePublished\":\"2025-07-17T12:36:17+00:00\",\"breadcrumb\":{\"@id\":\"https:\\\/\\\/arabmaarab.com\\\/de\\\/datenschutzerklaerung\\\/#breadcrumb\"},\"inLanguage\":\"de\",\"potentialAction\":[{\"@type\":\"ReadAction\",\"target\":[\"https:\\\/\\\/arabmaarab.com\\\/de\\\/datenschutzerklaerung\\\/\"]}]},{\"@type\":\"BreadcrumbList\",\"@id\":\"https:\\\/\\\/arabmaarab.com\\\/de\\\/datenschutzerklaerung\\\/#breadcrumb\",\"itemListElement\":[{\"@type\":\"ListItem\",\"position\":1,\"name\":\"Home\",\"item\":\"https:\\\/\\\/arabmaarab.com\\\/de\\\/\"},{\"@type\":\"ListItem\",\"position\":2,\"name\":\"Datenschutzerkl\u00e4rung\"}]},{\"@type\":\"WebSite\",\"@id\":\"https:\\\/\\\/arabmaarab.com\\\/#website\",\"url\":\"https:\\\/\\\/arabmaarab.com\\\/\",\"name\":\"Arab ma Arab\",\"description\":\"find Arabs near you\",\"publisher\":{\"@id\":\"https:\\\/\\\/arabmaarab.com\\\/#organization\"},\"potentialAction\":[{\"@type\":\"SearchAction\",\"target\":{\"@type\":\"EntryPoint\",\"urlTemplate\":\"https:\\\/\\\/arabmaarab.com\\\/?s={search_term_string}\"},\"query-input\":{\"@type\":\"PropertyValueSpecification\",\"valueRequired\":true,\"valueName\":\"search_term_string\"}}],\"inLanguage\":\"de\"},{\"@type\":\"Organization\",\"@id\":\"https:\\\/\\\/arabmaarab.com\\\/#organization\",\"name\":\"Arab ma Arab\",\"url\":\"https:\\\/\\\/arabmaarab.com\\\/\",\"logo\":{\"@type\":\"ImageObject\",\"inLanguage\":\"de\",\"@id\":\"https:\\\/\\\/arabmaarab.com\\\/#\\\/schema\\\/logo\\\/image\\\/\",\"url\":\"https:\\\/\\\/arabmaarab.com\\\/wp-content\\\/uploads\\\/2025\\\/06\\\/cropped-cropped-cropped-appLogoIcon.png\",\"contentUrl\":\"https:\\\/\\\/arabmaarab.com\\\/wp-content\\\/uploads\\\/2025\\\/06\\\/cropped-cropped-cropped-appLogoIcon.png\",\"width\":512,\"height\":512,\"caption\":\"Arab ma Arab\"},\"image\":{\"@id\":\"https:\\\/\\\/arabmaarab.com\\\/#\\\/schema\\\/logo\\\/image\\\/\"}}]}<\/script>\n<!-- \/ Yoast SEO plugin. -->","yoast_head_json":{"title":"Datenschutzerkl\u00e4rung - Arab ma Arab","robots":{"index":"index","follow":"follow","max-snippet":"max-snippet:-1","max-image-preview":"max-image-preview:large","max-video-preview":"max-video-preview:-1"},"canonical":"https:\/\/arabmaarab.com\/de\/datenschutzerklaerung\/","og_locale":"de_DE","og_type":"article","og_title":"Datenschutzerkl\u00e4rung - Arab ma Arab","og_description":"Datenschutzerkl\u00e4rung Zuletzt aktualisiert: 3. August 2025 Die Arab ma Arab UG (haftungsbeschr\u00e4nkt) (\u201ewir\u201c, \u201euns\u201c oder \u201eunser\u201c) betreibt die Website https:\/\/arabmaarab.com. Diese Datenschutzerkl\u00e4rung erl\u00e4utert, wie wir Ihre personenbezogenen Daten erheben, verwenden und sch\u00fctzen, wenn Sie unsere Website besuchen oder mit uns Kontakt aufnehmen. 1. Verantwortlicher Arab ma Arab UG (haftungsbeschr\u00e4nkt)Oranienburger Stra\u00dfe 6, 13437 Berlin, DeutschlandE-Mail: support@arabmaarab.com [&hellip;]","og_url":"https:\/\/arabmaarab.com\/de\/datenschutzerklaerung\/","og_site_name":"Arab ma Arab","twitter_card":"summary_large_image","twitter_misc":{"Gesch\u00e4tzte Lesezeit":"2\u00a0Minuten"},"schema":{"@context":"https:\/\/schema.org","@graph":[{"@type":"WebPage","@id":"https:\/\/arabmaarab.com\/de\/datenschutzerklaerung\/","url":"https:\/\/arabmaarab.com\/de\/datenschutzerklaerung\/","name":"Datenschutzerkl\u00e4rung - Arab ma Arab","isPartOf":{"@id":"https:\/\/arabmaarab.com\/#website"},"datePublished":"2025-07-17T12:36:17+00:00","breadcrumb":{"@id":"https:\/\/arabmaarab.com\/de\/datenschutzerklaerung\/#breadcrumb"},"inLanguage":"de","potentialAction":[{"@type":"ReadAction","target":["https:\/\/arabmaarab.com\/de\/datenschutzerklaerung\/"]}]},{"@type":"BreadcrumbList","@id":"https:\/\/arabmaarab.com\/de\/datenschutzerklaerung\/#breadcrumb","itemListElement":[{"@type":"ListItem","position":1,"name":"Home","item":"https:\/\/arabmaarab.com\/de\/"},{"@type":"ListItem","position":2,"name":"Datenschutzerkl\u00e4rung"}]},{"@type":"WebSite","@id":"https:\/\/arabmaarab.com\/#website","url":"https:\/\/arabmaarab.com\/","name":"Arab ma Arab","description":"find Arabs near you","publisher":{"@id":"https:\/\/arabmaarab.com\/#organization"},"potentialAction":[{"@type":"SearchAction","target":{"@type":"EntryPoint","urlTemplate":"https:\/\/arabmaarab.com\/?s={search_term_string}"},"query-input":{"@type":"PropertyValueSpecification","valueRequired":true,"valueName":"search_term_string"}}],"inLanguage":"de"},{"@type":"Organization","@id":"https:\/\/arabmaarab.com\/#organization","name":"Arab ma Arab","url":"https:\/\/arabmaarab.com\/","logo":{"@type":"ImageObject","inLanguage":"de","@id":"https:\/\/arabmaarab.com\/#\/schema\/logo\/image\/","url":"https:\/\/arabmaarab.com\/wp-content\/uploads\/2025\/06\/cropped-cropped-cropped-appLogoIcon.png","contentUrl":"https:\/\/arabmaarab.com\/wp-content\/uploads\/2025\/06\/cropped-cropped-cropped-appLogoIcon.png","width":512,"height":512,"caption":"Arab ma Arab"},"image":{"@id":"https:\/\/arabmaarab.com\/#\/schema\/logo\/image\/"}}]}},"_links":{"self":[{"href":"https:\/\/arabmaarab.com\/de\/wp-json\/wp\/v2\/pages\/28757","targetHints":{"allow":["GET"]}}],"collection":[{"href":"https:\/\/arabmaarab.com\/de\/wp-json\/wp\/v2\/pages"}],"about":[{"href":"https:\/\/arabmaarab.com\/de\/wp-json\/wp\/v2\/types\/page"}],"author":[{"embeddable":true,"href":"https:\/\/arabmaarab.com\/de\/wp-json\/wp\/v2\/users\/1"}],"replies":[{"embeddable":true,"href":"https:\/\/arabmaarab.com\/de\/wp-json\/wp\/v2\/comments?post=28757"}],"version-history":[{"count":0,"href":"https:\/\/arabmaarab.com\/de\/wp-json\/wp\/v2\/pages\/28757\/revisions"}],"wp:attachment":[{"href":"https:\/\/arabmaarab.com\/de\/wp-json\/wp\/v2\/media?parent=28757"}],"curies":[{"name":"wp","href":"https:\/\/api.w.org\/{rel}","templated":true}]}}