{"id":28759,"date":"2025-07-17T14:42:09","date_gmt":"2025-07-17T12:42:09","guid":{"rendered":"https:\/\/arabmaarab.com\/allgemeine-geschaeftsbedingungen\/"},"modified":"2025-07-17T14:42:09","modified_gmt":"2025-07-17T12:42:09","slug":"allgemeine-geschaeftsbedingungen","status":"publish","type":"page","link":"https:\/\/arabmaarab.com\/de\/allgemeine-geschaeftsbedingungen\/","title":{"rendered":"Allgemeine Gesch\u00e4ftsbedingungen"},"content":{"rendered":"<h2 data-start=\"279\" data-end=\"306\"><strong data-start=\"282\" data-end=\"306\">Allgemeine Gesch\u00e4ftsbedingungen<\/strong><\/h2>\n<p data-start=\"308\" data-end=\"340\"><strong data-start=\"308\" data-end=\"340\">Zuletzt aktualisiert: 3. August 2025<\/strong><\/p>\n<p data-start=\"342\" data-end=\"562\">Bitte lesen Sie diese Allgemeinen Gesch\u00e4ftsbedingungen (\u201eBedingungen\u201c) sorgf\u00e4ltig durch, bevor Sie unsere Website unter <a class=\"\" href=\"https:\/\/arabmaarab.com\/de\/\" target=\"_new\" rel=\"noopener\" data-start=\"429\" data-end=\"477\">https:\/\/arabmaarab.com<\/a> nutzen, die von <strong data-start=\"490\" data-end=\"530\">Arab ma Arab UG (haftungsbeschr\u00e4nkt<\/strong>) mit Sitz in Berlin, Deutschland, betrieben wird.<\/p>\n<p data-start=\"564\" data-end=\"703\">Durch den Zugriff auf die Website oder deren Nutzung erkl\u00e4ren Sie sich mit diesen Bedingungen einverstanden. Wenn Sie diesen Bedingungen nicht zustimmen, nutzen Sie den Dienst bitte nicht. <\/p>\n<hr data-start=\"705\" data-end=\"708\">\n<h3 data-start=\"710\" data-end=\"740\"><strong data-start=\"717\" data-end=\"740\">1. Unternehmensinformationen<\/strong><\/h3>\n<p data-start=\"741\" data-end=\"895\"><strong data-start=\"741\" data-end=\"781\">Arab ma Arab UG (haftungsbeschr\u00e4nkt)<\/strong><br data-start=\"781\" data-end=\"784\">Oranienburger Stra\u00dfe 6<br data-start=\"806\" data-end=\"809\">13437 Berlin, Deutschland<br data-start=\"830\" data-end=\"833\">E-Mail: <a class=\"cursor-pointer\" rel=\"noopener\" data-start=\"840\" data-end=\"895\">support@arabmaarab.com<\/a><\/p>\n<hr data-start=\"897\" data-end=\"900\">\n<h3 data-start=\"902\" data-end=\"931\"><strong data-start=\"909\" data-end=\"931\">2. Nutzung der Website<\/strong><\/h3>\n<p data-start=\"932\" data-end=\"1148\">Diese Website dient der Bereitstellung von Informationen \u00fcber unsere Dienstleistungen und erm\u00f6glicht es Nutzern, uns \u00fcber ein Kontakt- oder Supportformular zu erreichen. Sie verpflichten sich, die Website nur f\u00fcr rechtm\u00e4\u00dfige Zwecke und im Einklang mit diesen Bedingungen zu nutzen. <\/p>\n<hr data-start=\"1150\" data-end=\"1153\">\n<h3 data-start=\"1155\" data-end=\"1177\"><strong data-start=\"1162\" data-end=\"1177\">3. Nutzungsberechtigung<\/strong><\/h3>\n<p data-start=\"1178\" data-end=\"1298\">Sie m\u00fcssen mindestens 18 Jahre alt sein, um diesen Dienst zu nutzen. Mit der Nutzung der Website best\u00e4tigen Sie, dass Sie diese Voraussetzung erf\u00fcllen. <\/p>\n<hr data-start=\"1300\" data-end=\"1303\">\n<h3 data-start=\"1305\" data-end=\"1337\"><strong data-start=\"1312\" data-end=\"1337\">4. Geistiges Eigentum<\/strong><\/h3>\n<p data-start=\"1338\" data-end=\"1650\">Alle Inhalte auf dieser Website \u2013 einschlie\u00dflich Texte, Logos, Grafiken und Design \u2013 sind Eigentum der Arab ma Arab UG (haftungsbeschr\u00e4nkt), sofern nicht anders angegeben, und durch deutsches und europ\u00e4isches Urheberrecht gesch\u00fctzt. Eine Vervielf\u00e4ltigung, Verbreitung oder anderweitige Nutzung der Inhalte ist ohne unsere schriftliche Zustimmung nicht gestattet. <\/p>\n<hr data-start=\"1652\" data-end=\"1655\">\n<h3 data-start=\"1657\" data-end=\"1684\"><strong data-start=\"1664\" data-end=\"1684\">5. Nutzeranfragen<\/strong><\/h3>\n<p data-start=\"1685\" data-end=\"1924\">Wenn Sie uns \u00fcber das Kontaktformular eine Nachricht senden, verpflichten Sie sich, korrekte und rechtm\u00e4\u00dfige Angaben zu machen. Sie r\u00e4umen uns das Recht ein, diese Informationen gem\u00e4\u00df unserer <a class=\"cursor-pointer\" target=\"_new\" rel=\"noopener\" data-start=\"1875\" data-end=\"1923\">Datenschutzerkl\u00e4rung <\/a>zu speichern und zu verarbeiten. <\/p>\n<hr data-start=\"1926\" data-end=\"1929\">\n<h3 data-start=\"1931\" data-end=\"1965\">6. <strong data-start=\"1938\" data-end=\"1965\">Haftungsbeschr\u00e4nkung<\/strong><\/h3>\n<p data-start=\"1966\" data-end=\"2255\">Wir \u00fcbernehmen keine Haftung f\u00fcr direkte oder indirekte Sch\u00e4den, die durch die Nutzung oder Nichtverf\u00fcgbarkeit der Website entstehen. Obwohl wir uns bem\u00fchen, die Website sicher und verf\u00fcgbar zu halten, garantieren wir keinen unterbrechungsfreien Zugang oder die Abwesenheit von Fehlern oder sch\u00e4dlichen Komponenten (z.\u202fB. Viren, Malware). <\/p>\n<hr data-start=\"2257\" data-end=\"2260\">\n<h3 data-start=\"2262\" data-end=\"2287\"><strong data-start=\"2269\" data-end=\"2287\">7. Externe Links<\/strong><\/h3>\n<p data-start=\"2288\" data-end=\"2478\">Diese Website kann Links zu Webseiten Dritter enthalten. F\u00fcr deren Inhalte, Bedingungen oder Datenschutzpraktiken \u00fcbernehmen wir keine Verantwortung. Der Zugriff erfolgt auf eigene Gefahr.  <\/p>\n<hr data-start=\"2480\" data-end=\"2483\">\n<h3 data-start=\"2485\" data-end=\"2518\"><strong data-start=\"2492\" data-end=\"2518\">8. \u00c4nderungen am Dienst<\/strong><\/h3>\n<p data-start=\"2519\" data-end=\"2737\">Wir behalten uns das Recht vor, Teile der Website oder dieser Bedingungen jederzeit zu \u00e4ndern oder einzustellen. Wesentliche \u00c4nderungen werden auf der Website angek\u00fcndigt. Die weitere Nutzung nach \u00c4nderungen gilt als Zustimmung zu den aktualisierten Bedingungen.  <\/p>\n<hr data-start=\"2739\" data-end=\"2742\">\n<h3 data-start=\"2744\" data-end=\"2766\"><strong data-start=\"2751\" data-end=\"2766\">9. K\u00fcndigung<\/strong><\/h3>\n<p data-start=\"2767\" data-end=\"2884\">Wir behalten uns das Recht vor, den Zugang zu unserer Website f\u00fcr Nutzer zu sperren oder einzuschr\u00e4nken, die gegen diese Bedingungen oder geltendes Recht versto\u00dfen.<\/p>\n<hr data-start=\"2886\" data-end=\"2889\">\n<h3 data-start=\"2891\" data-end=\"2933\"><strong data-start=\"2899\" data-end=\"2933\">10. Anwendbares Recht und Gerichtsstand<\/strong><\/h3>\n<p data-start=\"2934\" data-end=\"3159\">Diese Bedingungen unterliegen dem Recht d<strong data-start=\"2983\" data-end=\"3014\">er Bundesrepublik Deutschland<\/strong>. Gerichtsstand f\u00fcr alle Streitigkeiten im Zusammenhang mit diesen Bedingungen ist <strong data-start=\"3095\" data-end=\"3105\">Berlin<\/strong>, sofern zwingende gesetzliche Bestimmungen nichts anderes vorschreiben. <\/p>\n<hr data-start=\"3161\" data-end=\"3164\">\n<h3 data-start=\"3166\" data-end=\"3197\"><strong data-start=\"3174\" data-end=\"3197\">11. Salvatorische Klausel<\/strong><\/h3>\n<p data-start=\"3198\" data-end=\"3355\">Sollte eine Bestimmung dieser Bedingungen nach geltendem Recht ung\u00fcltig oder nicht durchsetzbar sein, bleiben die \u00fcbrigen Bestimmungen in vollem Umfang wirksam.<\/p>\n<hr data-start=\"3357\" data-end=\"3360\">\n<h3 data-start=\"3362\" data-end=\"3381\"><strong data-start=\"3370\" data-end=\"3381\">12. Kontakt<\/strong><\/h3>\n<p data-start=\"3382\" data-end=\"3596\">Wenn Sie Fragen zu diesen Allgemeinen Gesch\u00e4ftsbedingungen haben, kontaktieren Sie uns bitte unter:<br data-start=\"3459\" data-end=\"3462\"><a class=\"cursor-pointer\" rel=\"noopener\" data-start=\"3465\" data-end=\"3520\">\ud83d\udce7 support@arabmaarab.com<\/a><br data-start=\"3520\" data-end=\"3523\"><a class=\"\" href=\"https:\/\/arabmaarab.com\/de\/kontaktieren-sie-uns\/\" target=\"_new\" rel=\"noopener\" data-start=\"3526\" data-end=\"3596\">\ud83c\udf10 https:\/\/arabmaarab.com\/contact-us<\/a><\/p>\n","protected":false},"excerpt":{"rendered":"<p>Allgemeine Gesch\u00e4ftsbedingungen Zuletzt aktualisiert: 3. August 2025 Bitte lesen Sie diese Allgemeinen Gesch\u00e4ftsbedingungen (\u201eBedingungen\u201c) sorgf\u00e4ltig durch, bevor Sie unsere Website unter https:\/\/arabmaarab.com nutzen, die von Arab ma Arab UG (haftungsbeschr\u00e4nkt) mit Sitz in Berlin, Deutschland, betrieben wird. Durch den Zugriff auf die Website oder deren Nutzung erkl\u00e4ren Sie sich mit diesen Bedingungen einverstanden. Wenn Sie [&hellip;]<\/p>\n","protected":false},"author":1,"featured_media":0,"parent":0,"menu_order":0,"comment_status":"closed","ping_status":"closed","template":"","meta":{"footnotes":""},"class_list":["post-28759","page","type-page","status-publish","hentry"],"yoast_head":"<!-- This site is optimized with the Yoast SEO plugin v27.4 - https:\/\/yoast.com\/product\/yoast-seo-wordpress\/ -->\n<title>Allgemeine Gesch\u00e4ftsbedingungen - Arab ma Arab<\/title>\n<meta name=\"robots\" content=\"index, follow, max-snippet:-1, max-image-preview:large, max-video-preview:-1\" \/>\n<link rel=\"canonical\" href=\"https:\/\/arabmaarab.com\/de\/allgemeine-geschaeftsbedingungen\/\" \/>\n<meta property=\"og:locale\" content=\"de_DE\" \/>\n<meta property=\"og:type\" content=\"article\" \/>\n<meta property=\"og:title\" content=\"Allgemeine Gesch\u00e4ftsbedingungen - Arab ma Arab\" \/>\n<meta property=\"og:description\" content=\"Allgemeine Gesch\u00e4ftsbedingungen Zuletzt aktualisiert: 3. August 2025 Bitte lesen Sie diese Allgemeinen Gesch\u00e4ftsbedingungen (\u201eBedingungen\u201c) sorgf\u00e4ltig durch, bevor Sie unsere Website unter https:\/\/arabmaarab.com nutzen, die von Arab ma Arab UG (haftungsbeschr\u00e4nkt) mit Sitz in Berlin, Deutschland, betrieben wird. Durch den Zugriff auf die Website oder deren Nutzung erkl\u00e4ren Sie sich mit diesen Bedingungen einverstanden. Wenn Sie [&hellip;]\" \/>\n<meta property=\"og:url\" content=\"https:\/\/arabmaarab.com\/de\/allgemeine-geschaeftsbedingungen\/\" \/>\n<meta property=\"og:site_name\" content=\"Arab ma Arab\" \/>\n<meta name=\"twitter:card\" content=\"summary_large_image\" \/>\n<meta name=\"twitter:label1\" content=\"Gesch\u00e4tzte Lesezeit\" \/>\n\t<meta name=\"twitter:data1\" content=\"2\u00a0Minuten\" \/>\n<script type=\"application\/ld+json\" class=\"yoast-schema-graph\">{\"@context\":\"https:\\\/\\\/schema.org\",\"@graph\":[{\"@type\":\"WebPage\",\"@id\":\"https:\\\/\\\/arabmaarab.com\\\/de\\\/allgemeine-geschaeftsbedingungen\\\/\",\"url\":\"https:\\\/\\\/arabmaarab.com\\\/de\\\/allgemeine-geschaeftsbedingungen\\\/\",\"name\":\"Allgemeine Gesch\u00e4ftsbedingungen - Arab ma Arab\",\"isPartOf\":{\"@id\":\"https:\\\/\\\/arabmaarab.com\\\/#website\"},\"datePublished\":\"2025-07-17T12:42:09+00:00\",\"breadcrumb\":{\"@id\":\"https:\\\/\\\/arabmaarab.com\\\/de\\\/allgemeine-geschaeftsbedingungen\\\/#breadcrumb\"},\"inLanguage\":\"de\",\"potentialAction\":[{\"@type\":\"ReadAction\",\"target\":[\"https:\\\/\\\/arabmaarab.com\\\/de\\\/allgemeine-geschaeftsbedingungen\\\/\"]}]},{\"@type\":\"BreadcrumbList\",\"@id\":\"https:\\\/\\\/arabmaarab.com\\\/de\\\/allgemeine-geschaeftsbedingungen\\\/#breadcrumb\",\"itemListElement\":[{\"@type\":\"ListItem\",\"position\":1,\"name\":\"Home\",\"item\":\"https:\\\/\\\/arabmaarab.com\\\/de\\\/\"},{\"@type\":\"ListItem\",\"position\":2,\"name\":\"Allgemeine Gesch\u00e4ftsbedingungen\"}]},{\"@type\":\"WebSite\",\"@id\":\"https:\\\/\\\/arabmaarab.com\\\/#website\",\"url\":\"https:\\\/\\\/arabmaarab.com\\\/\",\"name\":\"Arab ma Arab\",\"description\":\"find Arabs near you\",\"publisher\":{\"@id\":\"https:\\\/\\\/arabmaarab.com\\\/#organization\"},\"potentialAction\":[{\"@type\":\"SearchAction\",\"target\":{\"@type\":\"EntryPoint\",\"urlTemplate\":\"https:\\\/\\\/arabmaarab.com\\\/?s={search_term_string}\"},\"query-input\":{\"@type\":\"PropertyValueSpecification\",\"valueRequired\":true,\"valueName\":\"search_term_string\"}}],\"inLanguage\":\"de\"},{\"@type\":\"Organization\",\"@id\":\"https:\\\/\\\/arabmaarab.com\\\/#organization\",\"name\":\"Arab ma Arab\",\"url\":\"https:\\\/\\\/arabmaarab.com\\\/\",\"logo\":{\"@type\":\"ImageObject\",\"inLanguage\":\"de\",\"@id\":\"https:\\\/\\\/arabmaarab.com\\\/#\\\/schema\\\/logo\\\/image\\\/\",\"url\":\"https:\\\/\\\/arabmaarab.com\\\/wp-content\\\/uploads\\\/2025\\\/06\\\/cropped-cropped-cropped-appLogoIcon.png\",\"contentUrl\":\"https:\\\/\\\/arabmaarab.com\\\/wp-content\\\/uploads\\\/2025\\\/06\\\/cropped-cropped-cropped-appLogoIcon.png\",\"width\":512,\"height\":512,\"caption\":\"Arab ma Arab\"},\"image\":{\"@id\":\"https:\\\/\\\/arabmaarab.com\\\/#\\\/schema\\\/logo\\\/image\\\/\"}}]}<\/script>\n<!-- \/ Yoast SEO plugin. -->","yoast_head_json":{"title":"Allgemeine Gesch\u00e4ftsbedingungen - Arab ma Arab","robots":{"index":"index","follow":"follow","max-snippet":"max-snippet:-1","max-image-preview":"max-image-preview:large","max-video-preview":"max-video-preview:-1"},"canonical":"https:\/\/arabmaarab.com\/de\/allgemeine-geschaeftsbedingungen\/","og_locale":"de_DE","og_type":"article","og_title":"Allgemeine Gesch\u00e4ftsbedingungen - Arab ma Arab","og_description":"Allgemeine Gesch\u00e4ftsbedingungen Zuletzt aktualisiert: 3. August 2025 Bitte lesen Sie diese Allgemeinen Gesch\u00e4ftsbedingungen (\u201eBedingungen\u201c) sorgf\u00e4ltig durch, bevor Sie unsere Website unter https:\/\/arabmaarab.com nutzen, die von Arab ma Arab UG (haftungsbeschr\u00e4nkt) mit Sitz in Berlin, Deutschland, betrieben wird. Durch den Zugriff auf die Website oder deren Nutzung erkl\u00e4ren Sie sich mit diesen Bedingungen einverstanden. Wenn Sie [&hellip;]","og_url":"https:\/\/arabmaarab.com\/de\/allgemeine-geschaeftsbedingungen\/","og_site_name":"Arab ma Arab","twitter_card":"summary_large_image","twitter_misc":{"Gesch\u00e4tzte Lesezeit":"2\u00a0Minuten"},"schema":{"@context":"https:\/\/schema.org","@graph":[{"@type":"WebPage","@id":"https:\/\/arabmaarab.com\/de\/allgemeine-geschaeftsbedingungen\/","url":"https:\/\/arabmaarab.com\/de\/allgemeine-geschaeftsbedingungen\/","name":"Allgemeine Gesch\u00e4ftsbedingungen - Arab ma Arab","isPartOf":{"@id":"https:\/\/arabmaarab.com\/#website"},"datePublished":"2025-07-17T12:42:09+00:00","breadcrumb":{"@id":"https:\/\/arabmaarab.com\/de\/allgemeine-geschaeftsbedingungen\/#breadcrumb"},"inLanguage":"de","potentialAction":[{"@type":"ReadAction","target":["https:\/\/arabmaarab.com\/de\/allgemeine-geschaeftsbedingungen\/"]}]},{"@type":"BreadcrumbList","@id":"https:\/\/arabmaarab.com\/de\/allgemeine-geschaeftsbedingungen\/#breadcrumb","itemListElement":[{"@type":"ListItem","position":1,"name":"Home","item":"https:\/\/arabmaarab.com\/de\/"},{"@type":"ListItem","position":2,"name":"Allgemeine Gesch\u00e4ftsbedingungen"}]},{"@type":"WebSite","@id":"https:\/\/arabmaarab.com\/#website","url":"https:\/\/arabmaarab.com\/","name":"Arab ma Arab","description":"find Arabs near you","publisher":{"@id":"https:\/\/arabmaarab.com\/#organization"},"potentialAction":[{"@type":"SearchAction","target":{"@type":"EntryPoint","urlTemplate":"https:\/\/arabmaarab.com\/?s={search_term_string}"},"query-input":{"@type":"PropertyValueSpecification","valueRequired":true,"valueName":"search_term_string"}}],"inLanguage":"de"},{"@type":"Organization","@id":"https:\/\/arabmaarab.com\/#organization","name":"Arab ma Arab","url":"https:\/\/arabmaarab.com\/","logo":{"@type":"ImageObject","inLanguage":"de","@id":"https:\/\/arabmaarab.com\/#\/schema\/logo\/image\/","url":"https:\/\/arabmaarab.com\/wp-content\/uploads\/2025\/06\/cropped-cropped-cropped-appLogoIcon.png","contentUrl":"https:\/\/arabmaarab.com\/wp-content\/uploads\/2025\/06\/cropped-cropped-cropped-appLogoIcon.png","width":512,"height":512,"caption":"Arab ma Arab"},"image":{"@id":"https:\/\/arabmaarab.com\/#\/schema\/logo\/image\/"}}]}},"_links":{"self":[{"href":"https:\/\/arabmaarab.com\/de\/wp-json\/wp\/v2\/pages\/28759","targetHints":{"allow":["GET"]}}],"collection":[{"href":"https:\/\/arabmaarab.com\/de\/wp-json\/wp\/v2\/pages"}],"about":[{"href":"https:\/\/arabmaarab.com\/de\/wp-json\/wp\/v2\/types\/page"}],"author":[{"embeddable":true,"href":"https:\/\/arabmaarab.com\/de\/wp-json\/wp\/v2\/users\/1"}],"replies":[{"embeddable":true,"href":"https:\/\/arabmaarab.com\/de\/wp-json\/wp\/v2\/comments?post=28759"}],"version-history":[{"count":0,"href":"https:\/\/arabmaarab.com\/de\/wp-json\/wp\/v2\/pages\/28759\/revisions"}],"wp:attachment":[{"href":"https:\/\/arabmaarab.com\/de\/wp-json\/wp\/v2\/media?parent=28759"}],"curies":[{"name":"wp","href":"https:\/\/api.w.org\/{rel}","templated":true}]}}