{"id":29984,"date":"2025-07-30T09:36:55","date_gmt":"2025-07-30T07:36:55","guid":{"rendered":"https:\/\/arabmaarab.com\/?page_id=29984"},"modified":"2026-02-01T23:13:37","modified_gmt":"2026-02-01T21:13:37","slug":"datenschutzerklaerung-2","status":"publish","type":"page","link":"https:\/\/arabmaarab.com\/de\/datenschutzerklaerung-2\/","title":{"rendered":"Datenschutzerkl\u00e4rung"},"content":{"rendered":"<p><strong>Datenschutzerkl\u00e4rung f\u00fcr die Anwendung \u201eArab ma Arab\u201c<\/strong><\/p>\n<ul>\n<li><strong>1 Informationen zur Verarbeitung deiner personenbezogenen Daten<\/strong><\/li>\n<li>1.1<\/li>\n<\/ul>\n<p>Vielen Dank, dass du die Anwendung \u201eArab ma Arab\u201c (nachfolgend \u201eApp\u201c) verwendest.<br \/>\nDiese Datenschutzerkl\u00e4rung erl\u00e4utert, wie deine personenbezogenen Daten verarbeitet werden, wenn du die App nutzt.<br \/>\nPersonenbezogene Daten sind alle Informationen, die dich identifizieren k\u00f6nnen, wie Name, Adresse, E-Mail-Adresse, Nutzerverhalten usw.<\/p>\n<p>Wir \u00fcberpr\u00fcfen diese Datenschutzerkl\u00e4rung regelm\u00e4\u00dfig; \u00fcber wesentliche \u00c4nderungen wirst du informiert.<\/p>\n<ul>\n<li>1.2 Verantwortliche Stelle (Controller)<\/li>\n<\/ul>\n<p>Gem\u00e4\u00df Artikel 4 Absatz 7 der Datenschutz-Grundverordnung (DSGVO):<\/p>\n<p>Arab ma Arab UG (haftungsbeschr\u00e4nkt)<br \/>\nAdresse: Oranienburger Stra\u00dfe 6, 13437 Berlin \u2013 Deutschland<br \/>\nE-Mail: ceo@arabmaarab.com<br \/>\nTelefon: +49 176 64691553<\/p>\n<ul>\n<li>1.3 Verschl\u00fcsselung und Sicherheit<\/li>\n<\/ul>\n<p>Die App verwendet eine SSL\/TLS-Verschl\u00fcsselung, um deine Daten w\u00e4hrend der \u00dcbertragung zu sch\u00fctzen.<\/p>\n<ul>\n<li><strong>2 Dienstleistung f\u00fcr vollj\u00e4hrige Personen<\/strong><\/li>\n<\/ul>\n<p>Der Dienst richtet sich nicht an Kinder unter 16 Jahren (oder dem jeweils geltenden gesetzlichen Mindestalter in deiner Region).<br \/>\nWenn du j\u00fcnger bist oder die App im Namen einer minderj\u00e4hrigen Person nutzt, darfst du die App nicht verwenden.<\/p>\n<ul>\n<li><strong>3 Deine gesetzlichen Rechte als Nutzer<\/strong><\/li>\n<\/ul>\n<p>Gem\u00e4\u00df der DSGVO hast du folgende Rechte:<br \/>\n\u2022 Auskunftsrecht \u2013 Art. 15<br \/>\n\u2022 Recht auf Berichtigung oder L\u00f6schung \u2013 Art. 16 &amp; 17<br \/>\n\u2022 Recht auf Einschr\u00e4nkung der Verarbeitung \u2013 Art. 18<br \/>\n\u2022 Widerspruchsrecht gegen die Verarbeitung \u2013 Art. 21<br \/>\n\u2022 Recht auf Daten\u00fcbertragbarkeit \u2013 Art. 20<br \/>\n\u2022 Recht, eine erteilte Einwilligung jederzeit zu widerrufen<\/p>\n<p>Beschwerderecht:<br \/>\nDu hast au\u00dferdem das Recht, dich bei einer Aufsichtsbeh\u00f6rde \u00fcber die Verarbeitung deiner personenbezogenen Daten zu beschweren.<br \/>\nBeispielsweise kannst du dich wenden an:<br \/>\nBerliner Beauftragte\/r f\u00fcr Datenschutz und Informationsfreiheit,<br \/>\nAlt-Moabit 59\u201361, 10555 Berlin, Deutschland.<\/p>\n<ul>\n<li><strong>4 Datenerhebung bei Nutzung der App<\/strong><\/li>\n<li>4.1 Herunterladen der App<\/li>\n<\/ul>\n<p>Beim Herunterladen der App werden notwendige Informationen an den App-Store \u00fcbermittelt (Benutzername, E-Mail-Adresse, Kundennummer, Zeitpunkt des Downloads, Zahlungsinformationen, Ger\u00e4te-ID).<br \/>\nDer App-Store kann diese Daten eigenst\u00e4ndig verarbeiten; hierf\u00fcr sind wir nicht verantwortlich.<br \/>\nWir verarbeiten die Daten nur, soweit dies erforderlich ist, um dir den Download der App zu erm\u00f6glichen.<\/p>\n<ul>\n<li>4.2 Erstellung eines Kontos und Nutzung der App<\/li>\n<\/ul>\n<p>Wenn du ein Benutzerkonto in der App anlegst, speichern wir die von dir bereitgestellten Daten (z. B. Name, E-Mail, Kontaktdaten, Land).<br \/>\nDiese Daten verarbeiten wir, um dir ein pers\u00f6nliches Konto und die Nutzung der App zu erm\u00f6glichen.<br \/>\n\u00dcber dein Konto kannst du z. B. nach Unternehmen und Angeboten suchen, Kontakt aufnehmen, Likes, Bewertungen, Beitr\u00e4ge und Kommentare erstellen.<br \/>\nRechtsgrundlage: Art. 6 Abs. 1 lit. b DSGVO.<\/p>\n<ul>\n<li>4.3 Nutzung als Gast<\/li>\n<\/ul>\n<p>Du kannst die App auch als Gast nutzen, ohne personenbezogene Daten anzugeben; du kannst dann jedoch nur Angebote ansehen, keine weiteren Aktionen durchf\u00fchren.<\/p>\n<ul>\n<li>4.4 Hochladen von Bildern und Medien<\/li>\n<\/ul>\n<p>Wenn du ein Bild hochl\u00e4dst (z. B. Profilbild, Unternehmensseite, Beitrag), greift die App vor\u00fcbergehend auf Kamera oder Galerie deines Ger\u00e4ts zu.<br \/>\nDieser Zugriff erfolgt nur auf deine Initiative und ausschlie\u00dflich, um die gew\u00fcnschte Datei auszuw\u00e4hlen.<br \/>\nDie App greift nicht ohne deine Handlung auf Medien zu.<br \/>\nRechtsgrundlage: Art. 6 Abs. 1 lit. b DSGVO.<\/p>\n<ul>\n<li>4.5 Erstellung einer Unternehmensseite<\/li>\n<\/ul>\n<p>Wenn du eine Unternehmens- oder Angebotsseite erstellst, speichern wir die von dir angegebenen Informationen (Name, Art und Beschreibung, Standort, Bilder, \u00d6ffnungszeiten, Kontaktdaten, Weblink u. a.).<br \/>\nDiese Daten k\u00f6nnen personenbezogene Angaben enthalten.<br \/>\nWir verarbeiten sie, um dein Unternehmen\/Angebot anderen Nutzern anzuzeigen.<br \/>\nRechtsgrundlage: Art. 6 Abs. 1 lit. b DSGVO.<br \/>\nDie Daten sind f\u00fcr andere Nutzer der App sichtbar, auch au\u00dferhalb der EU.<\/p>\n<ul>\n<li>4.5.1 News Feed, \u00f6ffentliche Inhalte und Inhaltsmoderation<\/li>\n<\/ul>\n<p>Die App stellt eine News-Feed-Funktion zur Verf\u00fcgung, \u00fcber die Nutzer, insbesondere Gesch\u00e4ftsnutzer (Business Users), Inhalte wie Bilder, Texte und Informationen zu ihren Aktivit\u00e4ten oder Dienstleistungen ver\u00f6ffentlichen k\u00f6nnen.<\/p>\n<p>Werden Inhalte \u00fcber den News Feed oder andere \u00f6ffentliche Bereiche der App ver\u00f6ffentlicht, gelten diese als \u00f6ffentliche Inhalte und k\u00f6nnen f\u00fcr andere Nutzer der App sichtbar sein. Andere Nutzer k\u00f6nnen mit diesen Inhalten interagieren, indem sie diese liken (Like), teilen (Share) oder speichern (Bookmark).<\/p>\n<p>Wir verarbeiten die ver\u00f6ffentlichten Inhalte und die damit verbundenen Daten zu folgenden Zwecken:<\/p>\n<ul>\n<li>Betrieb und Darstellung des News Feeds sowie der damit verbundenen Funktionen<\/li>\n<li>Erm\u00f6glichung von Interaktionen zwischen Nutzern<\/li>\n<li>Moderation von Inhalten und Verhinderung von Missbrauch<\/li>\n<li>Schutz der Nutzer und der Plattform sowie Sicherstellung der Einhaltung der Nutzungsbedingungen<\/li>\n<li>Verbesserung der App-Dienste<\/li>\n<li>Bewerbung der App und ihrer Dienstleistungen, einschlie\u00dflich der Nutzung von Nutzerbeitr\u00e4gen auf offiziellen Kan\u00e4len der App, wie z. B. auf Social-Media-Seiten oder in sonstigen Marketingmaterialien<\/li>\n<\/ul>\n<p>Die in diesem Zusammenhang verarbeiteten Daten k\u00f6nnen umfassen:<\/p>\n<ul>\n<li>Hochgeladene Bilder und Inhalte<\/li>\n<li>Den mit dem Inhalt verbundenen Nutzernamen oder Firmennamen<\/li>\n<li>Interaktionsdaten (Likes, Shares, Bookmarks)<\/li>\n<li>Datum und Uhrzeit der Ver\u00f6ffentlichung oder Interaktion<\/li>\n<li>Begrenzte technische Daten, die aus Sicherheits- und Missbrauchspr\u00e4ventionsgr\u00fcnden erforderlich sind<\/li>\n<\/ul>\n<p>Die Verarbeitung dieser Daten erfolgt auf Grundlage von:<\/p>\n<ul>\n<li>Artikel 6 Absatz 1 Buchstabe (b) DSGVO (Vertragserf\u00fcllung), und<\/li>\n<li>Artikel 6 Absatz 1 Buchstabe (f) DSGVO (berechtigtes Interesse)<\/li>\n<\/ul>\n<p>Von Nutzern ver\u00f6ffentlichte Inhalte k\u00f6nnen von anderen Nutzern innerhalb der App weiterverbreitet werden. Nach der Ver\u00f6ffentlichung oder Weitergabe von Inhalten kann es sein, dass wir keinen vollst\u00e4ndigen Einfluss mehr auf die weitere Verbreitung oder Nutzung dieser Inhalte durch andere Nutzer haben.<\/p>\n<p>Wir verarbeiten ver\u00f6ffentlichte Inhalte au\u00dferdem zu Moderationszwecken und behalten uns das Recht vor, Inhalte in ihrer Sichtbarkeit einzuschr\u00e4nken oder zu entfernen, sofern diese gegen die Nutzungsbedingungen oder geltendes Recht versto\u00dfen.<\/p>\n<p>&nbsp;<\/p>\n<ul>\n<li>4.6 Technische Daten<\/li>\n<\/ul>\n<p>Zur Sicherstellung von Betrieb, Sicherheit und Stabilit\u00e4t verarbeiten wir technische Daten auf Basis von Art. 6 Abs. 1 lit. f DSGVO:<br \/>\n\u2022 IP-Adresse<br \/>\n\u2022 Datum und Uhrzeit der Anfrage<br \/>\n\u2022 Zeitzonendifferenz zu GMT<br \/>\n\u2022 Inhalt der Anfrage (besuchte Seite)<br \/>\n\u2022 HTTP-Statuscode<br \/>\n\u2022 \u00dcbertragene Datenmenge<br \/>\n\u2022 Zuvor besuchte Seite<br \/>\n\u2022 Browsertyp und Version<br \/>\n\u2022 Betriebssystem<\/p>\n<ul>\n<li><strong>5 Hosting und Datenschutz<\/strong><\/li>\n<\/ul>\n<p>F\u00fcr bestimmte Funktionen nutzen wir externe Dienstleister, die wir sorgf\u00e4ltig ausw\u00e4hlen, gem\u00e4\u00df Art. 28 DSGVO vertraglich binden und regelm\u00e4\u00dfig kontrollieren.<\/p>\n<p>Derzeit verwenden wir Amazon Web Services (AWS).<br \/>\nMit AWS besteht ein Auftragsverarbeitungsvertrag nach Art. 28 DSGVO.<br \/>\nDie Verarbeitung erfolgt auf Servern innerhalb der EU.<br \/>\nAmazon Web Services, Inc. ist nach dem EU-US Data Privacy Framework zertifiziert.<br \/>\nBei \u00dcbermittlung in die USA erfolgt dies auf Grundlage des Angemessenheitsbeschlusses gem\u00e4\u00df Art. 45 DSGVO.<\/p>\n<p>Dar\u00fcber hinaus geben wir keine Daten an Dritte weiter.<br \/>\nEine \u00dcbermittlung in L\u00e4nder au\u00dferhalb der EU oder des EWR findet nicht statt.<\/p>\n<p>Sofern keine gesetzlichen Aufbewahrungsfristen bestehen, l\u00f6schen wir personenbezogene Daten, sobald der Speicherzweck entf\u00e4llt.<\/p>\n<ul>\n<li><strong>6 Standortdaten (Geolocation)<\/strong><\/li>\n<\/ul>\n<p>Die App bittet um deine Einwilligung, auf deinen Standort zuzugreifen, um personalisierte Dienste anzubieten.<br \/>\nDu kannst diese Berechtigung jederzeit \u00fcber die Ger\u00e4teeinstellungen widerrufen.<\/p>\n<ul>\n<li><strong>7 Externe Dienste \u2013 Google Maps<\/strong><\/li>\n<\/ul>\n<p>Die App nutzt den Kartendienst Google Maps von Google Ireland Limited.<br \/>\nBeim Aufrufen einer Seite mit Google Maps werden Daten (z. B. IP-Adresse) an Google-Server \u00fcbermittelt und k\u00f6nnen in die USA \u00fcbertragen werden.<br \/>\nWenn du in deinem Google-Konto eingeloggt bist, werden die Daten damit verkn\u00fcpft; andernfalls logge dich vorher aus.<br \/>\nGoogle speichert Nutzungsdaten in Nutzungsprofilen, um Werbung, Marktforschung und Service-Optimierung zu betreiben.<br \/>\nRechtsgrundlage: Art. 6 Abs. 1 lit. f DSGVO.<br \/>\nWenn eine Einwilligung erforderlich ist, gilt Art. 6 Abs. 1 lit. a DSGVO, widerrufbar jederzeit.<br \/>\nWeitere Informationen: <a href=\"https:\/\/www.google.com\/privacy\">https:\/\/www.google.com\/privacy<\/a><\/p>\n<ul>\n<li><strong>8 Push-Benachrichtigungen<\/strong><\/li>\n<\/ul>\n<p>Nutzer k\u00f6nnen Push-Benachrichtigungen in den Ger\u00e4teeinstellungen oder in der App aktivieren\/deaktivieren.<br \/>\nBeim Aktivieren wird eine Ger\u00e4te-ID (Device Token) verwendet, ausschlie\u00dflich um Benachrichtigungen zu versenden.<br \/>\nDiese ID wird nicht mit anderen personenbezogenen Daten verkn\u00fcpft.<br \/>\nRechtsgrundlage: Einwilligung gem\u00e4\u00df Art. 6 Abs. 1 lit. a DSGVO.<br \/>\nDer Nutzer kann Benachrichtigungen jederzeit deaktivieren; dann wird der Token gel\u00f6scht und keine Mitteilungen mehr versendet.<\/p>\n<ul>\n<li><strong>9 Bewertungs- und Kommentar-Funktion<\/strong><\/li>\n<\/ul>\n<p>Die App erm\u00f6glicht Bewertungen (Sterne-System) und optionale Textkommentare.<br \/>\nBei Abgabe verarbeiten wir:<br \/>\n\u2022 Bewertung (Anzahl Sterne)<br \/>\n\u2022 Kommentartext (falls vorhanden)<br \/>\n\u2022 Datum und Uhrzeit der Abgabe<br \/>\n\u2022 Benutzername oder Anzeigename<br \/>\n\u2022 technische Kennung (z. B. IP oder Ger\u00e4te-ID)<\/p>\n<p>Rechtsgrundlagen: Art. 6 Abs. 1 lit. b DSGVO (Funktion) und Art. 6 Abs. 1 lit. f DSGVO (Missbrauchs-\/Rechtsversto\u00df-Pr\u00e4vention).<\/p>\n<p>Wir behalten uns vor, Bewertungen oder Kommentare zu l\u00f6schen, wenn sie:<br \/>\n\u2022 beleidigend, verleumderisch oder unangemessen sind,<br \/>\n\u2022 Nutzer t\u00e4uschen oder Bewertungen manipulieren,<br \/>\n\u2022 Gesetze oder Rechte Dritter verletzen.<\/p>\n<p>Keine zus\u00e4tzliche Verkn\u00fcpfung mit weiteren personenbezogenen Daten.<br \/>\nZweck: Qualit\u00e4tsverbesserung und Nutzererfahrung.<\/p>\n<ul>\n<li><strong>10 Informationsweitergabe zu Werbe- und Marketingzwecken<\/strong><\/li>\n<\/ul>\n<p>Wir k\u00f6nnen dein Unternehmens- oder Nutzerprofil (Name, Bild, Beschreibung, Links u. a.), einschlie\u00dflich \u00fcber den News Feed ver\u00f6ffentlichter Inhalte, auf unseren offiziellen Social-Media-Konten, in Werbe- und Marketingkampagnen oder auf den offiziellen Plattformen unserer Kooperationspartner pr\u00e4sentieren.<br \/>\nMit Nutzung der App erteilst du uns eine ausdr\u00fcckliche Zustimmung zur Verwendung und Ver\u00f6ffentlichung dieser Informationen zu Promotionszwecken.<br \/>\nWenn du dies nicht w\u00fcnschst, sende bitte eine Anfrage an<br \/>\n\ud83d\udce9 support@arabmaarab.com.<br \/>\nWir verwenden die Daten ausschlie\u00dflich zur Darstellung und F\u00f6rderung der Plattform; f\u00fcr Reaktionen Dritter \u00fcbernehmen wir keine Verantwortung.<\/p>\n<ul>\n<li><strong>11 In-App-Zahlungen und Datenverarbeitung<\/strong><\/li>\n<\/ul>\n<p>Zur Durchf\u00fchrung von Zahlungen und Abonnements arbeiten wir mit folgenden Zahlungsdienstleistern zusammen.<br \/>\nDiese verarbeiten personenbezogene Daten nur soweit erforderlich gem\u00e4\u00df Art. 6 Abs. 1 lit. b DSGVO.<br \/>\nWir speichern keine sensiblen Zahlungsdaten auf unseren Servern.<\/p>\n<ul>\n<li>11.1 Apple In-App Purchases (iOS)<\/li>\n<\/ul>\n<p>Zahlungs- und Abo-Verarbeitung erfolgt direkt durch Apple.<br \/>\nEs gelten die Datenschutz- und Nutzungsbedingungen von Apple:<br \/>\n\u2022 <a href=\"https:\/\/www.apple.com\/legal\/privacy\">https:\/\/www.apple.com\/legal\/privacy<\/a><br \/>\n\u2022 <a href=\"https:\/\/developer.apple.com\/in-app-purchase\/\">https:\/\/developer.apple.com\/in-app-purchase\/<\/a><\/p>\n<ul>\n<li>11.2 PayPal<\/li>\n<\/ul>\n<p>Bei Verwendung \u00fcber Stripe werden begrenzte Daten an PayPal \u00fcbermittelt:<br \/>\n\u2022 <a href=\"https:\/\/www.paypal.com\/de\/webapps\/mpp\/ua\/privacy-full\">https:\/\/www.paypal.com\/de\/webapps\/mpp\/ua\/privacy-full<\/a><\/p>\n<ul>\n<li>11.3 RevenueCat<\/li>\n<\/ul>\n<p>Abwicklung durch RevenueCat Inc., 300 Euclid Ave, San Francisco, CA 94118, USA.<br \/>\nDaten\u00fcbermittlung ausschlie\u00dflich zur Zahlungsabwicklung gem\u00e4\u00df Art. 6 Abs. 1 lit. b DSGVO.<br \/>\nAuftragsverarbeitungsvertrag besteht.<br \/>\n\u2022 <a href=\"https:\/\/www.revenuecat.com\/privacy\">https:\/\/www.revenuecat.com\/privacy<\/a><\/p>\n<ul>\n<li>11.4 Stripe<\/li>\n<\/ul>\n<p>Zahlungen \u00fcber Stripe Payments Europe Ltd., 1 Grand Canal Street Lower, Dublin, Irland.<br \/>\n\u00dcbermittelte Daten: Name, Adresse, Kontonummer, BLZ, Kartennummer, Rechnungsbetrag, W\u00e4hrung, Transaktionsnummer gem\u00e4\u00df Art. 6 Abs. 1 lit. b DSGVO.<br \/>\n\u2022 <a href=\"https:\/\/stripe.com\/de\/privacy#translation\">https:\/\/stripe.com\/de\/privacy#translation<\/a><\/p>\n<ul>\n<li><strong>12 Aufbewahrungsdauer<\/strong><\/li>\n<\/ul>\n<p>Wir speichern Daten bis zur vollst\u00e4ndigen Zahlungsabwicklung und entsprechend der gesetzlichen Aufbewahrungsfristen nach<br \/>\n\u00a7 147 AO (Abgabenordnung) und \u00a7 257 HGB (Handelsgesetzbuch).<br \/>\nDies umfasst auch Fristen f\u00fcr R\u00fcckerstattungen, Forderungsmanagement und Betrugspr\u00e4vention.<\/p>\n<ul>\n<li><strong>13 Widerspruchsrecht<\/strong><\/li>\n<\/ul>\n<p>Du kannst der Verarbeitung deiner Daten aus Gr\u00fcnden, die sich aus deiner besonderen Situation ergeben, widersprechen.<br \/>\nBei Direktwerbung kannst du jederzeit ohne Angabe von Gr\u00fcnden widersprechen.<\/p>\n<ul>\n<li><strong>14 Kontol\u00f6schung<\/strong><\/li>\n<\/ul>\n<p>Du kannst dein Konto jederzeit \u00fcber die App-Einstellungen oder durch Kontaktaufnahme l\u00f6schen.<br \/>\nDeine Daten werden gel\u00f6scht, sofern keine gesetzlichen Aufbewahrungspflichten bestehen.<\/p>\n<ul>\n<li><strong>15 Kontaktaufnahme<\/strong><\/li>\n<\/ul>\n<p>Wenn du uns \u00fcber die Feedback-Funktion kontaktierst, speichern wir die bereitgestellten Daten zur Bearbeitung deiner Anfrage.<br \/>\nWir l\u00f6schen sie, sobald sie nicht mehr erforderlich sind.<br \/>\nRechtsgrundlage: Art. 6 Abs. 1 lit. b DSGVO.<\/p>\n<p>Bei Widerspr\u00fcchen oder Auslegungsunterschieden zwischen verschiedenen Sprachversionen dieser Datenschutzerkl\u00e4rung gilt die englische Version als rechtsverbindlich.<\/p>\n<p>&nbsp;<\/p>\n","protected":false},"excerpt":{"rendered":"<p>Datenschutzerkl\u00e4rung f\u00fcr die Anwendung \u201eArab ma Arab\u201c 1 Informationen zur Verarbeitung deiner personenbezogenen Daten 1.1 Vielen Dank, dass du die Anwendung \u201eArab ma Arab\u201c (nachfolgend \u201eApp\u201c) verwendest. Diese Datenschutzerkl\u00e4rung erl\u00e4utert, wie deine personenbezogenen Daten verarbeitet werden, wenn du die App nutzt. Personenbezogene Daten sind alle Informationen, die dich identifizieren k\u00f6nnen, wie Name, Adresse, E-Mail-Adresse, Nutzerverhalten [&hellip;]<\/p>\n","protected":false},"author":2,"featured_media":0,"parent":0,"menu_order":0,"comment_status":"closed","ping_status":"closed","template":"","meta":{"footnotes":""},"class_list":["post-29984","page","type-page","status-publish","hentry"],"yoast_head":"<!-- This site is optimized with the Yoast SEO plugin v27.3 - https:\/\/yoast.com\/product\/yoast-seo-wordpress\/ -->\n<title>Datenschutzerkl\u00e4rung - Arab ma Arab<\/title>\n<meta name=\"robots\" content=\"index, follow, max-snippet:-1, max-image-preview:large, max-video-preview:-1\" \/>\n<link rel=\"canonical\" href=\"https:\/\/arabmaarab.com\/de\/datenschutzerklaerung-2\/\" \/>\n<meta property=\"og:locale\" content=\"de_DE\" \/>\n<meta property=\"og:type\" content=\"article\" \/>\n<meta property=\"og:title\" content=\"Datenschutzerkl\u00e4rung - Arab ma Arab\" \/>\n<meta property=\"og:description\" content=\"Datenschutzerkl\u00e4rung f\u00fcr die Anwendung \u201eArab ma Arab\u201c 1 Informationen zur Verarbeitung deiner personenbezogenen Daten 1.1 Vielen Dank, dass du die Anwendung \u201eArab ma Arab\u201c (nachfolgend \u201eApp\u201c) verwendest. Diese Datenschutzerkl\u00e4rung erl\u00e4utert, wie deine personenbezogenen Daten verarbeitet werden, wenn du die App nutzt. Personenbezogene Daten sind alle Informationen, die dich identifizieren k\u00f6nnen, wie Name, Adresse, E-Mail-Adresse, Nutzerverhalten [&hellip;]\" \/>\n<meta property=\"og:url\" content=\"https:\/\/arabmaarab.com\/de\/datenschutzerklaerung-2\/\" \/>\n<meta property=\"og:site_name\" content=\"Arab ma Arab\" \/>\n<meta property=\"article:modified_time\" content=\"2026-02-01T21:13:37+00:00\" \/>\n<meta name=\"twitter:card\" content=\"summary_large_image\" \/>\n<meta name=\"twitter:label1\" content=\"Gesch\u00e4tzte Lesezeit\" \/>\n\t<meta name=\"twitter:data1\" content=\"8\u00a0Minuten\" \/>\n<script type=\"application\/ld+json\" class=\"yoast-schema-graph\">{\"@context\":\"https:\\\/\\\/schema.org\",\"@graph\":[{\"@type\":\"WebPage\",\"@id\":\"https:\\\/\\\/arabmaarab.com\\\/de\\\/datenschutzerklaerung-2\\\/\",\"url\":\"https:\\\/\\\/arabmaarab.com\\\/de\\\/datenschutzerklaerung-2\\\/\",\"name\":\"Datenschutzerkl\u00e4rung - Arab ma Arab\",\"isPartOf\":{\"@id\":\"https:\\\/\\\/arabmaarab.com\\\/#website\"},\"datePublished\":\"2025-07-30T07:36:55+00:00\",\"dateModified\":\"2026-02-01T21:13:37+00:00\",\"breadcrumb\":{\"@id\":\"https:\\\/\\\/arabmaarab.com\\\/de\\\/datenschutzerklaerung-2\\\/#breadcrumb\"},\"inLanguage\":\"de\",\"potentialAction\":[{\"@type\":\"ReadAction\",\"target\":[\"https:\\\/\\\/arabmaarab.com\\\/de\\\/datenschutzerklaerung-2\\\/\"]}]},{\"@type\":\"BreadcrumbList\",\"@id\":\"https:\\\/\\\/arabmaarab.com\\\/de\\\/datenschutzerklaerung-2\\\/#breadcrumb\",\"itemListElement\":[{\"@type\":\"ListItem\",\"position\":1,\"name\":\"Home\",\"item\":\"https:\\\/\\\/arabmaarab.com\\\/de\\\/\"},{\"@type\":\"ListItem\",\"position\":2,\"name\":\"Datenschutzerkl\u00e4rung\"}]},{\"@type\":\"WebSite\",\"@id\":\"https:\\\/\\\/arabmaarab.com\\\/#website\",\"url\":\"https:\\\/\\\/arabmaarab.com\\\/\",\"name\":\"Arab ma Arab\",\"description\":\"find Arabs near you\",\"publisher\":{\"@id\":\"https:\\\/\\\/arabmaarab.com\\\/#organization\"},\"potentialAction\":[{\"@type\":\"SearchAction\",\"target\":{\"@type\":\"EntryPoint\",\"urlTemplate\":\"https:\\\/\\\/arabmaarab.com\\\/?s={search_term_string}\"},\"query-input\":{\"@type\":\"PropertyValueSpecification\",\"valueRequired\":true,\"valueName\":\"search_term_string\"}}],\"inLanguage\":\"de\"},{\"@type\":\"Organization\",\"@id\":\"https:\\\/\\\/arabmaarab.com\\\/#organization\",\"name\":\"Arab ma Arab\",\"url\":\"https:\\\/\\\/arabmaarab.com\\\/\",\"logo\":{\"@type\":\"ImageObject\",\"inLanguage\":\"de\",\"@id\":\"https:\\\/\\\/arabmaarab.com\\\/#\\\/schema\\\/logo\\\/image\\\/\",\"url\":\"https:\\\/\\\/arabmaarab.com\\\/wp-content\\\/uploads\\\/2025\\\/06\\\/cropped-cropped-cropped-appLogoIcon.png\",\"contentUrl\":\"https:\\\/\\\/arabmaarab.com\\\/wp-content\\\/uploads\\\/2025\\\/06\\\/cropped-cropped-cropped-appLogoIcon.png\",\"width\":512,\"height\":512,\"caption\":\"Arab ma Arab\"},\"image\":{\"@id\":\"https:\\\/\\\/arabmaarab.com\\\/#\\\/schema\\\/logo\\\/image\\\/\"}}]}<\/script>\n<!-- \/ Yoast SEO plugin. -->","yoast_head_json":{"title":"Datenschutzerkl\u00e4rung - Arab ma Arab","robots":{"index":"index","follow":"follow","max-snippet":"max-snippet:-1","max-image-preview":"max-image-preview:large","max-video-preview":"max-video-preview:-1"},"canonical":"https:\/\/arabmaarab.com\/de\/datenschutzerklaerung-2\/","og_locale":"de_DE","og_type":"article","og_title":"Datenschutzerkl\u00e4rung - Arab ma Arab","og_description":"Datenschutzerkl\u00e4rung f\u00fcr die Anwendung \u201eArab ma Arab\u201c 1 Informationen zur Verarbeitung deiner personenbezogenen Daten 1.1 Vielen Dank, dass du die Anwendung \u201eArab ma Arab\u201c (nachfolgend \u201eApp\u201c) verwendest. Diese Datenschutzerkl\u00e4rung erl\u00e4utert, wie deine personenbezogenen Daten verarbeitet werden, wenn du die App nutzt. Personenbezogene Daten sind alle Informationen, die dich identifizieren k\u00f6nnen, wie Name, Adresse, E-Mail-Adresse, Nutzerverhalten [&hellip;]","og_url":"https:\/\/arabmaarab.com\/de\/datenschutzerklaerung-2\/","og_site_name":"Arab ma Arab","article_modified_time":"2026-02-01T21:13:37+00:00","twitter_card":"summary_large_image","twitter_misc":{"Gesch\u00e4tzte Lesezeit":"8\u00a0Minuten"},"schema":{"@context":"https:\/\/schema.org","@graph":[{"@type":"WebPage","@id":"https:\/\/arabmaarab.com\/de\/datenschutzerklaerung-2\/","url":"https:\/\/arabmaarab.com\/de\/datenschutzerklaerung-2\/","name":"Datenschutzerkl\u00e4rung - Arab ma Arab","isPartOf":{"@id":"https:\/\/arabmaarab.com\/#website"},"datePublished":"2025-07-30T07:36:55+00:00","dateModified":"2026-02-01T21:13:37+00:00","breadcrumb":{"@id":"https:\/\/arabmaarab.com\/de\/datenschutzerklaerung-2\/#breadcrumb"},"inLanguage":"de","potentialAction":[{"@type":"ReadAction","target":["https:\/\/arabmaarab.com\/de\/datenschutzerklaerung-2\/"]}]},{"@type":"BreadcrumbList","@id":"https:\/\/arabmaarab.com\/de\/datenschutzerklaerung-2\/#breadcrumb","itemListElement":[{"@type":"ListItem","position":1,"name":"Home","item":"https:\/\/arabmaarab.com\/de\/"},{"@type":"ListItem","position":2,"name":"Datenschutzerkl\u00e4rung"}]},{"@type":"WebSite","@id":"https:\/\/arabmaarab.com\/#website","url":"https:\/\/arabmaarab.com\/","name":"Arab ma Arab","description":"find Arabs near you","publisher":{"@id":"https:\/\/arabmaarab.com\/#organization"},"potentialAction":[{"@type":"SearchAction","target":{"@type":"EntryPoint","urlTemplate":"https:\/\/arabmaarab.com\/?s={search_term_string}"},"query-input":{"@type":"PropertyValueSpecification","valueRequired":true,"valueName":"search_term_string"}}],"inLanguage":"de"},{"@type":"Organization","@id":"https:\/\/arabmaarab.com\/#organization","name":"Arab ma Arab","url":"https:\/\/arabmaarab.com\/","logo":{"@type":"ImageObject","inLanguage":"de","@id":"https:\/\/arabmaarab.com\/#\/schema\/logo\/image\/","url":"https:\/\/arabmaarab.com\/wp-content\/uploads\/2025\/06\/cropped-cropped-cropped-appLogoIcon.png","contentUrl":"https:\/\/arabmaarab.com\/wp-content\/uploads\/2025\/06\/cropped-cropped-cropped-appLogoIcon.png","width":512,"height":512,"caption":"Arab ma Arab"},"image":{"@id":"https:\/\/arabmaarab.com\/#\/schema\/logo\/image\/"}}]}},"_links":{"self":[{"href":"https:\/\/arabmaarab.com\/de\/wp-json\/wp\/v2\/pages\/29984","targetHints":{"allow":["GET"]}}],"collection":[{"href":"https:\/\/arabmaarab.com\/de\/wp-json\/wp\/v2\/pages"}],"about":[{"href":"https:\/\/arabmaarab.com\/de\/wp-json\/wp\/v2\/types\/page"}],"author":[{"embeddable":true,"href":"https:\/\/arabmaarab.com\/de\/wp-json\/wp\/v2\/users\/2"}],"replies":[{"embeddable":true,"href":"https:\/\/arabmaarab.com\/de\/wp-json\/wp\/v2\/comments?post=29984"}],"version-history":[{"count":2,"href":"https:\/\/arabmaarab.com\/de\/wp-json\/wp\/v2\/pages\/29984\/revisions"}],"predecessor-version":[{"id":30083,"href":"https:\/\/arabmaarab.com\/de\/wp-json\/wp\/v2\/pages\/29984\/revisions\/30083"}],"wp:attachment":[{"href":"https:\/\/arabmaarab.com\/de\/wp-json\/wp\/v2\/media?parent=29984"}],"curies":[{"name":"wp","href":"https:\/\/api.w.org\/{rel}","templated":true}]}}